{"id":62,"date":"2024-06-12T17:10:16","date_gmt":"2024-06-12T20:10:16","guid":{"rendered":"https:\/\/infosoft.ar\/clientes\/muni_lavalle\/?page_id=62"},"modified":"2024-06-27T17:42:21","modified_gmt":"2024-06-27T20:42:21","slug":"turismo","status":"publish","type":"page","link":"https:\/\/lavallemendoza.gob.ar\/public\/turismo\/","title":{"rendered":"Turismo"},"content":{"rendered":"<p>[et_pb_section fb_built=\u00bb1&#8243; _builder_version=\u00bb4.21.0&#8243; _module_preset=\u00bbdefault\u00bb background_color=\u00bb#eeeeee\u00bb custom_padding=\u00bb0px||15px|||\u00bb animation_style=\u00bbslide\u00bb animation_direction=\u00bbbottom\u00bb animation_intensity_slide=\u00bb10%\u00bb border_width_bottom=\u00bb3px\u00bb border_color_bottom=\u00bb#E09900&#8243; locked=\u00bboff\u00bb global_colors_info=\u00bb{}\u00bb][et_pb_row _builder_version=\u00bb4.21.0&#8243; _module_preset=\u00bbdefault\u00bb global_colors_info=\u00bb{}\u00bb][et_pb_column type=\u00bb4_4&#8243; _builder_version=\u00bb4.21.0&#8243; _module_preset=\u00bbdefault\u00bb global_colors_info=\u00bb{}\u00bb][et_pb_text _builder_version=\u00bb4.21.0&#8243; _module_preset=\u00bbdefault\u00bb text_font_size=\u00bb45px\u00bb global_colors_info=\u00bb{}\u00bb]<\/p>\n<p style=\"text-align: center;\">Turismo<\/p>\n<p>[\/et_pb_text][\/et_pb_column][\/et_pb_row][\/et_pb_section][et_pb_section fb_built=\u00bb1&#8243; theme_builder_area=\u00bbpost_content\u00bb _builder_version=\u00bb4.21.0&#8243; _module_preset=\u00bbdefault\u00bb max_width=\u00bb100%\u00bb width=\u00bb100%\u00bb custom_margin=\u00bb0px|0px|0px|0px|false|false\u00bb custom_padding=\u00bb0px|0px|0px|0px|false|false\u00bb hover_enabled=\u00bb0&#8243; sticky_enabled=\u00bb0&#8243;][et_pb_row _builder_version=\u00bb4.21.0&#8243; _module_preset=\u00bbdefault\u00bb theme_builder_area=\u00bbpost_content\u00bb width=\u00bb100%\u00bb max_width=\u00bb100%\u00bb hover_enabled=\u00bb0&#8243; sticky_enabled=\u00bb0&#8243; custom_margin=\u00bb0px|0px||0px|false|false\u00bb custom_padding=\u00bb0px|0px|0px|0px|false|false\u00bb][et_pb_column _builder_version=\u00bb4.21.0&#8243; _module_preset=\u00bbdefault\u00bb type=\u00bb4_4&#8243; theme_builder_area=\u00bbpost_content\u00bb][et_pb_image src=\u00bbhttps:\/\/infosoft.ar\/clientes\/muni_lavalle\/wp-content\/uploads\/2024\/06\/historia-head.jpg\u00bb _builder_version=\u00bb4.21.0&#8243; _module_preset=\u00bbdefault\u00bb theme_builder_area=\u00bbpost_content\u00bb hover_enabled=\u00bb0&#8243; sticky_enabled=\u00bb0&#8243;][\/et_pb_image][\/et_pb_column][\/et_pb_row][\/et_pb_section][et_pb_section fb_built=\u00bb1&#8243; _builder_version=\u00bb4.21.0&#8243; _module_preset=\u00bbdefault\u00bb global_colors_info=\u00bb{}\u00bb][et_pb_row _builder_version=\u00bb4.21.0&#8243; _module_preset=\u00bbdefault\u00bb column_structure=\u00bb1_2,1_2&#8243;][et_pb_column _builder_version=\u00bb4.21.0&#8243; _module_preset=\u00bbdefault\u00bb type=\u00bb1_2&#8243;][et_pb_blurb image=\u00bbhttps:\/\/infosoft.ar\/clientes\/muni_lavalle\/wp-content\/uploads\/2024\/06\/altos_limpios.jpg\u00bb _builder_version=\u00bb4.21.0&#8243; _module_preset=\u00bbdefault\u00bb hover_enabled=\u00bb0&#8243; sticky_enabled=\u00bb0&#8243; animation_style=\u00bbslide\u00bb animation_direction=\u00bbleft\u00bb animation_intensity_slide=\u00bb6%\u00bb][\/et_pb_blurb][et_pb_image src=\u00bbhttps:\/\/infosoft.ar\/clientes\/muni_lavalle\/wp-content\/uploads\/2024\/06\/0IB9310-2.jpg\u00bb _builder_version=\u00bb4.21.0&#8243; _module_preset=\u00bbdefault\u00bb hover_enabled=\u00bb0&#8243; sticky_enabled=\u00bb0&#8243; animation_style=\u00bbslide\u00bb animation_direction=\u00bbleft\u00bb animation_intensity_slide=\u00bb7%\u00bb][\/et_pb_image][\/et_pb_column][et_pb_column _builder_version=\u00bb4.21.0&#8243; _module_preset=\u00bbdefault\u00bb type=\u00bb1_2&#8243;][et_pb_text _builder_version=\u00bb4.21.0&#8243; _module_preset=\u00bbdefault\u00bb hover_enabled=\u00bb0&#8243; sticky_enabled=\u00bb0&#8243; animation_style=\u00bbslide\u00bb animation_direction=\u00bbbottom\u00bb animation_intensity_slide=\u00bb7%\u00bb]<\/p>\n<div class=\"col-6\">\n<p>El departamento de Lavalle integr\u00f3 originariamente la amplia zona de Huanacache, en cuya parte Norte estaban ubicadas las extensas lagunas del mismo nombre, formadas por los desag\u00fces del r\u00edo San Juan. En las proximidades de estas lagunas se encontraban radicados importantes y numerosos n\u00facleos de ind\u00edgenas huarpes, quienes se dedicaban a la pesca, confecci\u00f3n de canoas y canastos con totora y junquillo, as\u00ed como a otras peque\u00f1as actividades de artesan\u00eda. De esta zona, se tra\u00eda el pescado, especialmente truchas, para el consumo de la poblaci\u00f3n de Mendoza.<\/p>\n<p>Los ind\u00edgenas llamaban \u201ctulumaya\u201d o \u201ctule &#8211; mayu\u201d, a los territorios que hoy abarcan el departamento de Lavalle. Antes de la llegada de los espa\u00f1oles, exist\u00edan numerosas tolder\u00edas, destac\u00e1ndose la de Jocoli, residencia del cacique Tabalqu\u00e9.<\/p>\n<p>Los conquistadores espa\u00f1oles tomaron posesi\u00f3n de las tierras del arroyo Tulumaya. El capit\u00e1n don Mart\u00edn Pizarro de C\u00f3rdoba, recibi\u00f3 en encomienda las comarcas que pertenec\u00edan al cacique Guaquinchay. El capit\u00e1n general de Chile, don Domingo Ortiz de Rosas, tom\u00f3 con entusiasmo la creaci\u00f3n de nuevos pueblos en la regi\u00f3n de Cuyo, especialmente en las lagunas de Huanacache. Nombr\u00f3 como representante suyo a don Gregorio Blanco Laysequilla, quien en 1754 redact\u00f3 un c\u00f3digo donde se establec\u00edan las normas para crear nuevas poblaciones, como as\u00ed tambi\u00e9n el repartimiento de solares y tierras con destino al cultivo y crianza de hacienda.<\/p>\n<p>Se supone que la primera \u201cdoctrina\u201d de Huanacache data de 1601. En 1749 el misionero franciscano Marcos Videla hab\u00eda logrado formar en las lagunas un pueblo de indios. Esta comunidad, constituye el nacimiento de las primeras poblaciones como Asunci\u00f3n, San Miguel y Rosario. En 1788 todas ellas fueron atacadas por los ind\u00edgenas, pero fueron rechazados y sometidos.<\/p>\n<p>A fines del siglo XVIII, se establecieron en esta regi\u00f3n, algunos de los prisioneros portugueses, tomados por Pedro de Ceballos en su campa\u00f1a de Santa Catalina. Los lusitanos se dedicaron a la pesca en las lagunas del Rosario y Huanacache. Seg\u00fan el historiador Isidro J. Maza, \u201cesta actividad dio lugar al trazado de una senda o caminos que un\u00edan las lagunas con la ciudad de Mendoza, por esta raz\u00f3n, dicha calle pas\u00f3 a denominarse \u201cLos Pescadores\u201d.<\/p>\n<p>En 1850 durante el gobierno de Alejo Mallea, la regi\u00f3n fue anexada al departamento de La paz. Pero cinco a\u00f1os m\u00e1s tarde, el gobernador Pedro Pascual Segura la separ\u00f3, construyendo la Subdelagac\u00eda del Rosario.<\/p>\n<\/div>\n<p>[\/et_pb_text][\/et_pb_column][\/et_pb_row][\/et_pb_section]<\/p>\n","protected":false},"excerpt":{"rendered":"<p>Turismo El departamento de Lavalle integr\u00f3 originariamente la amplia zona de Huanacache, en cuya parte Norte estaban ubicadas las extensas lagunas del mismo nombre, formadas por los desag\u00fces del r\u00edo [&hellip;]<\/p>\n","protected":false},"author":1,"featured_media":0,"parent":0,"menu_order":0,"comment_status":"closed","ping_status":"closed","template":"","meta":{"_et_pb_use_builder":"on","_et_pb_old_content":"","_et_gb_content_width":"","footnotes":""},"class_list":["post-62","page","type-page","status-publish","hentry"],"_links":{"self":[{"href":"https:\/\/lavallemendoza.gob.ar\/public\/wp-json\/wp\/v2\/pages\/62","targetHints":{"allow":["GET"]}}],"collection":[{"href":"https:\/\/lavallemendoza.gob.ar\/public\/wp-json\/wp\/v2\/pages"}],"about":[{"href":"https:\/\/lavallemendoza.gob.ar\/public\/wp-json\/wp\/v2\/types\/page"}],"author":[{"embeddable":true,"href":"https:\/\/lavallemendoza.gob.ar\/public\/wp-json\/wp\/v2\/users\/1"}],"replies":[{"embeddable":true,"href":"https:\/\/lavallemendoza.gob.ar\/public\/wp-json\/wp\/v2\/comments?post=62"}],"version-history":[{"count":6,"href":"https:\/\/lavallemendoza.gob.ar\/public\/wp-json\/wp\/v2\/pages\/62\/revisions"}],"predecessor-version":[{"id":574,"href":"https:\/\/lavallemendoza.gob.ar\/public\/wp-json\/wp\/v2\/pages\/62\/revisions\/574"}],"wp:attachment":[{"href":"https:\/\/lavallemendoza.gob.ar\/public\/wp-json\/wp\/v2\/media?parent=62"}],"curies":[{"name":"wp","href":"https:\/\/api.w.org\/{rel}","templated":true}]}}